{"id":3,"date":"2024-09-01T14:03:39","date_gmt":"2024-09-01T14:03:39","guid":{"rendered":"http:\/\/old.ticketsrd.com\/?page_id=3"},"modified":"2025-06-10T13:23:46","modified_gmt":"2025-06-10T17:23:46","slug":"privacy-policy","status":"publish","type":"page","link":"https:\/\/old.ticketsrd.com\/es\/privacy-policy\/","title":{"rendered":"pol\u00edtica de privacidad"},"content":{"rendered":"<p>Hello Caribe Tours LLC, una compa\u00f1\u00eda con domicilio social en 2232 Dell Range Blvd., Suite 245 - 3670, Cheyenne, WY 82009, es responsable del procesamiento de los datos personales recopilados a trav\u00e9s de este sitio web, lo que significa que determina los prop\u00f3sitos y medios del procesamiento de dichos datos personales.<\/p>\n\n\n\n<p>TicketsRD.com se compromete a proteger sus datos personales de forma transparente, segura y legal.<\/p>\n\n\n\n<p>La legislaci\u00f3n aplicable al tratamiento de datos personales por parte de Dinner in the Sky es el Reglamento (UE) 2016\/679 relativo a la protecci\u00f3n de las personas f\u00edsicas en lo que respecta al tratamiento de datos personales y a la libre circulaci\u00f3n de estos datos.<\/p>\n\n\n\n<p>TicketsRD.com se reserva el derecho de modificar los t\u00e9rminos de esta declaraci\u00f3n de privacidad para cumplir en todo momento con las normas legales y las pr\u00e1cticas del mercado. La declaraci\u00f3n de privacidad revisada entrar\u00e1 en vigor tan pronto como se encuentre disponible en l\u00ednea, por lo que se recomienda que siempre la lea al ingresar al sitio web de TicketsRD.com.<\/p>\n\n\n\n<p>**Datos personales recopilados y procesados**<\/p>\n\n\n\n<p>Si bien la mayor parte de la informaci\u00f3n disponible en este sitio no requiere que usted revele datos personales, algunas partes del sitio pueden requerir que proporcione dichos datos a TicketsRD.com.<\/p>\n\n\n\n<p>Los datos personales recopilados y procesados a trav\u00e9s de este sitio web se limitar\u00e1n a una cantidad m\u00ednima de datos personales, y TicketsRD.com siempre solicitar\u00e1 su consentimiento expl\u00edcito antes de recopilar y procesar dichos datos.<\/p>\n\n\n\n<p>**Fines de la Recolecci\u00f3n y Tratamiento de Datos Personales**<\/p>\n\n\n\n<p>Al registrar sus datos personales en este sitio web, usted acepta que TicketsRD.com pueda registrarlos, recopilarlos y procesarlos para los siguientes fines:<\/p>\n\n\n\n<p>- Para responder a las solicitudes que usted haya enviado a trav\u00e9s de los sitios;<\/p>\n\n\n\n<p>- Para proporcionarle servicios de informaci\u00f3n o boletines informativos a los que se haya suscrito;<\/p>\n\n\n\n<p>- Para solicitarle comentarios sobre la empresa, marca o sitio web, exclusivamente por correo electr\u00f3nico;<\/p>\n\n\n\n<p>- Para probar y monitorear la calidad del sitio web;<\/p>\n\n\n\n<p>- Cumplir con los requisitos legales y reglamentarios.<\/p>\n\n\n\n<p>Los datos personales se conservar\u00e1n durante el tiempo necesario para cumplir con los fines para los que fueron recogidos.<\/p>\n\n\n\n<p>TicketsRD.com no divulgar\u00e1 sus datos personales a terceros con fines comerciales. Los datos personales que proporcione a TicketsRD.com podr\u00e1n ser transferidos a otras entidades del grupo TicketsRD.com, subcontratistas o proveedores de servicios cuya intervenci\u00f3n sea necesaria para lograr uno de los fines antes mencionados. En este caso, TicketsRD.com impondr\u00e1 un nivel de protecci\u00f3n adecuado y similar para sus datos personales mediante disposiciones contractuales apropiadas.<\/p>\n\n\n\n<p>**Protecci\u00f3n de datos personales recopilados y procesados**<\/p>\n\n\n\n<p>El acceso a los datos personales recopilados por TicketsRD.com durante su visita a este sitio web est\u00e1 restringido a aquellas personas que los necesitan estrictamente para realizar sus funciones. TicketsRD.com tambi\u00e9n ha desarrollado pautas internas adecuadas que sus empleados deben cumplir al manejar sus datos personales.<\/p>\n\n\n\n<p>TicketsRD.com ha implementado todas las medidas t\u00e9cnicas razonables para almacenar de forma segura sus datos personales y salvaguardarlos contra acceso, modificaci\u00f3n o destrucci\u00f3n no autorizados.<\/p>\n\n\n\n<p>Dado que los datos que usted proporciona a TicketsRD.com se introducen a trav\u00e9s de Internet, que es una red abierta y desprotegida, TicketsRD.com no puede garantizar la seguridad de los datos durante la transmisi\u00f3n. Lo mismo se aplica a los correos electr\u00f3nicos que usted env\u00eda a TicketsRD.com. Por lo tanto, TicketsRD.com le recomienda encarecidamente que no env\u00ede ninguna informaci\u00f3n sensible a trav\u00e9s de este canal de comunicaci\u00f3n.<\/p>\n\n\n\n<p>TicketsRD.com puede procesar sus datos personales en un pa\u00eds fuera del Espacio Econ\u00f3mico Europeo (&quot;EEE&quot;). Si dicho pa\u00eds no ofrece un nivel de protecci\u00f3n adecuado, TicketsRD.com aplicar\u00e1 el nivel de protecci\u00f3n apropiado mediante disposiciones contractuales adecuadas.<\/p>\n\n\n\n<p>**\u00bfCu\u00e1les son sus derechos y c\u00f3mo protegerlos?**<\/p>\n\n\n\n<p>Usted tiene derecho a solicitar el acceso, modificaci\u00f3n y eliminaci\u00f3n de sus datos personales recopilados por TicketsRD.com, retirar cualquier consentimiento otorgado a TicketsRD.com con respecto a sus datos personales y ejercer la portabilidad de sus datos personales, si corresponde.<\/p>\n\n\n\n<p>Estos derechos pueden ejercerse gratuitamente enviando una solicitud fechada a TicketsRD.com, acompa\u00f1ada de una copia de su documento de identidad, a la siguiente direcci\u00f3n de correo electr\u00f3nico: info@puntacanadinnerinthesky.com Si se ha suscrito en l\u00ednea a un servicio de informaci\u00f3n o bolet\u00edn informativo, tiene la opci\u00f3n de cancelar su suscripci\u00f3n en cualquier momento, ya sea directamente en l\u00ednea o enviando una solicitud por correo electr\u00f3nico a TicketsRD.com a la siguiente direcci\u00f3n: hello@old.ticketsrd.com<\/p>","protected":false},"excerpt":{"rendered":"<p>Hello Caribe Tours LLC , a company with its registered office at 2232 Dell Range Blvd., Suite 245 - 3670, Cheyenne, WY 82009, is responsible for the processing of personal data collected through this website, which means it determines the purposes and means of processing such personal data. TicketsRD.com is committed to protecting your personal [&hellip;]<\/p>","protected":false},"author":1,"featured_media":0,"parent":0,"menu_order":0,"comment_status":"closed","ping_status":"open","template":"","meta":{"_acf_changed":false,"footnotes":""},"class_list":["post-3","page","type-page","status-publish","hentry"],"acf":[],"_links":{"self":[{"href":"https:\/\/old.ticketsrd.com\/es\/wp-json\/wp\/v2\/pages\/3","targetHints":{"allow":["GET"]}}],"collection":[{"href":"https:\/\/old.ticketsrd.com\/es\/wp-json\/wp\/v2\/pages"}],"about":[{"href":"https:\/\/old.ticketsrd.com\/es\/wp-json\/wp\/v2\/types\/page"}],"author":[{"embeddable":true,"href":"https:\/\/old.ticketsrd.com\/es\/wp-json\/wp\/v2\/users\/1"}],"replies":[{"embeddable":true,"href":"https:\/\/old.ticketsrd.com\/es\/wp-json\/wp\/v2\/comments?post=3"}],"version-history":[{"count":3,"href":"https:\/\/old.ticketsrd.com\/es\/wp-json\/wp\/v2\/pages\/3\/revisions"}],"predecessor-version":[{"id":1738,"href":"https:\/\/old.ticketsrd.com\/es\/wp-json\/wp\/v2\/pages\/3\/revisions\/1738"}],"wp:attachment":[{"href":"https:\/\/old.ticketsrd.com\/es\/wp-json\/wp\/v2\/media?parent=3"}],"curies":[{"name":"wp","href":"https:\/\/api.w.org\/{rel}","templated":true}]}}