{"id":975,"date":"2024-09-26T08:54:40","date_gmt":"2024-09-26T12:54:40","guid":{"rendered":"https:\/\/old.ticketsrd.com\/?page_id=975"},"modified":"2025-06-10T13:23:58","modified_gmt":"2025-06-10T17:23:58","slug":"return-and-refund","status":"publish","type":"page","link":"https:\/\/old.ticketsrd.com\/es\/return-and-refund\/","title":{"rendered":"Devoluci\u00f3n y reembolso"},"content":{"rendered":"<p>Los visitantes y usuarios (en adelante denominados el Cliente) del Sistema de Reservaciones en L\u00ednea de old.ticketsrd.com en Internet (en adelante denominado el Sistema) aceptan cumplir con los siguientes t\u00e9rminos de uso (en adelante denominados los T\u00e9rminos) antes de comprar cualquier asiento: El Organizador (Caribbean Rides) tendr\u00e1 el derecho de modificar los T\u00e9rminos de uso del Sistema publicando informaci\u00f3n\/noticias relevantes en old.ticketsrd.com<\/p>\n\n\n\n<p><strong>Definiciones e interpretaci\u00f3n<\/strong><\/p>\n\n\n\n<ul class=\"wp-block-list\">\n<li>\u201cAsientos\u201d se refiere a los asientos en la plataforma.<\/li>\n\n\n\n<li>\u201cEvento\u201d se refiere a la experiencia de TicketsRD.com, que se llevar\u00e1 a cabo en un lugar donde tenemos derecho a venderle asientos.<\/li>\n\n\n\n<li>Evidencia (incluidas compras electr\u00f3nicas\/en l\u00ednea) de nuestro evento vendida por nosotros a usted.<\/li>\n\n\n\n<li>\u201cUbicaci\u00f3n\u201d significa cualquier instalaci\u00f3n o lugar de cualquier naturaleza donde se lleve a cabo el evento.<\/li>\n\n\n\n<li>&quot;El Organizador&quot; significa el organizador. &quot;Nosotros&quot; y &quot;Nuestro&quot; se leer\u00e1n en consecuencia.<\/li>\n\n\n\n<li>&quot;Usted&quot; se refiere al comprador del asiento o a cualquier persona que, en nuestra opini\u00f3n razonable, act\u00fae con su autorizaci\u00f3n o permiso. &quot;Su&quot; se deber\u00e1 leer en consecuencia.<\/li>\n<\/ul>\n\n\n\n<p><strong>Asientos<\/strong><\/p>\n\n\n\n<ul class=\"wp-block-list\">\n<li>Todos los precios cotizados est\u00e1n en d\u00f3lares estadounidenses y no incluyen impuestos locales.<\/li>\n\n\n\n<li>Todos los asientos se venden sujetos a disponibilidad y a estos t\u00e9rminos y condiciones. Estos t\u00e9rminos y condiciones deben leerse detenidamente antes de la compra y cualquier consulta relacionada con ellos debe plantearse con nosotros antes de la compra, ya que la compra de asientos constituye la aceptaci\u00f3n de estos t\u00e9rminos y condiciones.<\/li>\n\n\n\n<li>Recibir\u00e1 la confirmaci\u00f3n del(los) asiento(s) del Sistema a trav\u00e9s de la direcci\u00f3n de correo electr\u00f3nico proporcionada por el Cliente en el Sistema al momento de pagar el(los) asiento(s).<\/li>\n\n\n\n<li>No podr\u00e1s decidir sobre la disposici\u00f3n de los asientos durante el evento.<\/li>\n\n\n\n<li>Para ingresar al evento se deber\u00e1 presentar una confirmaci\u00f3n de asiento vigente y haber aprobado y aceptado las pol\u00edticas del sistema de verificaci\u00f3n adherido a la plataforma de reservas de este sitio web. El asiento es v\u00e1lido \u00fanicamente para la fecha del evento. Cada asiento admite una sola persona.<\/li>\n\n\n\n<li>Quitar, alterar o desfigurar cualquier parte de la confirmaci\u00f3n de asiento puede invalidar su asiento. Es su responsabilidad verificar su asiento durante el proceso de compra en nuestro sistema. Cualquier error cometido durante la compra no se puede corregir despu\u00e9s de la compra. Verifique su confirmaci\u00f3n de asiento cuidadosamente y cont\u00e1ctenos de inmediato si hay un error a hello@old.ticketsrd.com<\/li>\n\n\n\n<li>Est\u00e1 prohibida la reventa de asientos. Nos reservamos el derecho de cancelar cualquier asiento o asientos que hayan sido revendidos.<\/li>\n\n\n\n<li>Cualquier uso del sitio web del Sistema TicketsRD.com, su contenido y datos para cualquier actividad ilegal, as\u00ed como con el prop\u00f3sito de vender o revender asientos, con fines publicitarios o comerciales o de cualquier otra manera para recibir cualquier beneficio, incluida la intermediaci\u00f3n de asientos, est\u00e1 prohibido sin el consentimiento previo por escrito del organizador.<\/li>\n\n\n\n<li>Una vez vendidos los asientos, no se aceptar\u00e1n reembolsos ni cancelaciones.<\/li>\n\n\n\n<li>El Organizador s\u00f3lo ser\u00e1 responsable de los asientos adquiridos en uno de sus propios puntos de venta gestionados.<\/li>\n\n\n\n<li>La propiedad o posesi\u00f3n de una confirmaci\u00f3n de asiento no confiere ning\u00fan derecho (impl\u00edcito o de otro tipo) para usar, alterar, copiar o negociar de otro modo cualquiera de los s\u00edmbolos, marcas comerciales, logotipos y\/o propiedad intelectual que aparecen en la confirmaci\u00f3n de asiento.<\/li>\n\n\n\n<li>Cualquier asiento o confirmaci\u00f3n de asiento obtenido en incumplimiento de estos t\u00e9rminos y condiciones ser\u00e1 nulo, y todos los derechos conferidos o evidenciados por dicho asiento ser\u00e1n nulos. Cualquier persona que intente utilizar dicho asiento vac\u00edo para obtener o proporcionar entrada a nuestro evento puede ser considerada un intruso y puede ser expulsada y sujeta a acciones legales. Los asientos vac\u00edos no son reembolsables.<\/li>\n\n\n\n<li>Al realizar cualquier acci\u00f3n en el sitio del Sistema, el Cliente confirma que:<br>\u2022 Sea una persona f\u00edsica mayor de 18 a\u00f1os, con plena capacidad jur\u00eddica pasiva y activa para utilizar el Sistema.<br>\u2022 Sean una persona jur\u00eddica cuyo representante tiene todos los poderes para utilizar los servicios del Sistema en nombre de esa persona y asumir cualquier obligaci\u00f3n por cuenta de esa persona jur\u00eddica.<br>\u2022 Comprenden y cumplen adecuadamente todos los T\u00e9rminos de Uso del Sistema.<br>\u2022 Los menores de edad deber\u00e1n estar acompa\u00f1ados de su tutor legal, quien aceptar\u00e1 las condiciones espec\u00edficas de compra.<\/li>\n<\/ul>\n\n\n\n<p><strong>Duraci\u00f3n de la sesi\u00f3n<\/strong><\/p>\n\n\n\n<ul class=\"wp-block-list\">\n<li>La duraci\u00f3n total de la sesi\u00f3n es de 90 minutos (15 minutos con el cintur\u00f3n puesto, 60 minutos en el cielo y 15 minutos sin cintur\u00f3n).<\/li>\n<\/ul>\n\n\n\n<p><strong>Precio y Pago<\/strong><\/p>\n\n\n\n<ul class=\"wp-block-list\">\n<li>El precio del asiento ser\u00e1 el precio establecido en el momento en que aceptemos su pedido en d\u00f3lares estadounidenses.<\/li>\n\n\n\n<li>Tenga en cuenta que se pueden cobrar tarifas bancarias o de tarjeta de cr\u00e9dito\/d\u00e9bito adicionales por asiento para ciertas funciones.<\/li>\n<\/ul>\n\n\n\n<p><strong>Cambios en el evento<\/strong><\/p>\n\n\n\n<ul class=\"wp-block-list\">\n<li>El Organizador puede posponer, retrasar, cancelar, interrumpir o detener el evento debido a condiciones clim\u00e1ticas adversas, situaciones peligrosas o cualquier otra causa fuera de su control razonable.<\/li>\n<\/ul>\n\n\n\n<p><strong>Responsabilidad<\/strong><\/p>\n\n\n\n<ul class=\"wp-block-list\">\n<li>Si el evento se retrasa, cancela o pospone, el Organizador no se hace responsable de los gastos en los que incurra el cliente por concepto de viaje, alojamiento o cualquier otro servicio relacionado. Las decisiones de posponer o retrasar eventos no est\u00e1n bajo el control del Organizador; por lo tanto, no somos responsables y no ofreceremos compensaci\u00f3n o reembolsos por los gastos incurridos. Se otorgar\u00e1 un reembolso completo (solo por el precio del asiento) si el Organizador cancela el evento.<\/li>\n\n\n\n<li>El cliente acepta que no seremos responsables por<br>\u2022 cualquier retraso en la entrega y\/o falta de entrega de cualquier confirmaci\u00f3n de Asiento; y<br>\u2022 da\u00f1os consecuentes de cualquier naturaleza. EN NING\u00daN CASO SEREMOS RESPONSABLES DE NING\u00daN DA\u00d1O INDIRECTO, INCIDENTAL, DERIVADO, ESPECIAL O EJEMPLAR QUE SURJA DE O SE RELACIONE CON SU COMPRA DE UN ASIENTO, AUNQUE DICHOS DA\u00d1OS SEAN PREVISIBLES Y HAYAMOS SIDO ADVERTIDOS O NO DE LA POSIBILIDAD DE LOS MISMOS. EN NING\u00daN CASO NUESTRA RESPONSABILIDAD BAJO ESTE ACUERDO EXCEDER\u00c1 EL PRECIO DE LOS ASIENTOS QUE HAYA COMPRADO.<\/li>\n<\/ul>\n\n\n\n<p><strong>Cancelaci\u00f3n o reprogramaci\u00f3n de eventos<\/strong><\/p>\n\n\n\n<ul class=\"wp-block-list\">\n<li>Es su responsabilidad verificar si el evento ha sido cancelado o reprogramado, as\u00ed como la fecha y hora de la reprogramaci\u00f3n. En caso de que un evento sea cancelado o reprogramado, el organizador har\u00e1 todo lo posible para notific\u00e1rselo.<\/li>\n\n\n\n<li>Se aplicar\u00e1 una tarifa de reprogramaci\u00f3n de $10 por persona m\u00e1s impuestos si el hu\u00e9sped desea reprogramar la reserva dentro de las \u00faltimas 24 horas antes de la fecha de reserva original.<\/li>\n\n\n\n<li>Si el invitado no se presenta a la sesi\u00f3n reservada, se aplicar\u00e1 la tarifa de reprogramaci\u00f3n si est\u00e1 dispuesto a reprogramar.<\/li>\n<\/ul>\n\n\n\n<p><strong>Uso de datos y detalles<\/strong><\/p>\n\n\n\n<ul class=\"wp-block-list\">\n<li>Se recoge informaci\u00f3n de quienes se registran en el sistema para facilitar la compra de plazas u otros servicios disponibles.<\/li>\n<\/ul>\n\n\n\n<p><strong>Condiciones de Admisi\u00f3n<\/strong><\/p>\n\n\n\n<ul class=\"wp-block-list\">\n<li>Los invitados deben tener una altura m\u00ednima de 110 cm para asistir al evento de TicketsRD.com. Si el invitado es menor de 14 a\u00f1os, deber\u00e1 estar acompa\u00f1ado por un adulto (el adulto debe tener al menos 18 a\u00f1os).<\/li>\n\n\n\n<li>La puntualidad es muy importante para la experiencia en TicketsRD.com. Se recomienda llegar al menos 30 minutos antes de la hora programada indicada en la confirmaci\u00f3n de tu asiento. Si hay un retraso en tu llegada y la plataforma ya se ha elevado, el Organizador no bajar\u00e1 la plataforma por ti y tu asiento se cancelar\u00e1 autom\u00e1ticamente sin reembolso.<\/li>\n\n\n\n<li>Se recomienda vestirse de acuerdo al clima. Tenga en cuenta que a 50 metros de altura, el viento puede ser m\u00e1s fuerte y la temperatura puede ser m\u00e1s baja de lo habitual. Una vez que se haya subido la plataforma, el organizador no bajar\u00e1 la plataforma si solicita cambiarse de ropa, zapatos, etc.<\/li>\n\n\n\n<li>El Organizador no se hace responsable de las particularidades m\u00e9dicas de cada cliente en caso de no proporcionar dicha informaci\u00f3n. Usted ser\u00e1 responsable de su propia salud y seguridad y deber\u00e1 observar todas las precauciones relacionadas con su condici\u00f3n m\u00e9dica, incluyendo pero no limitado a diabetes, alergias alimentarias, etc., sin ning\u00fan recurso contra el Organizador. Si tiene alguna alergia alimentaria, ind\u00edquela en su reserva en l\u00ednea o env\u00edenos un correo electr\u00f3nico a hello@old.ticketsrd.com o ll\u00e1menos al +1 (849) 474-4954.<\/li>\n\n\n\n<li>El Organizador se reserva el derecho de rechazar o denegar su admisi\u00f3n al recinto en circunstancias razonables, incluidas cuestiones de salud y seguridad, razones de licencia o cuando haya un asiento vacante. El Organizador tambi\u00e9n se reserva el derecho de pedirle que abandone el recinto en cualquier momento por cualquier motivo razonable y puede tomar las medidas adecuadas para hacer cumplir este derecho.<\/li>\n<\/ul>\n\n\n\n<p><strong>Por ejemplo, el Organizador podr\u00e1 expulsar a cualquier persona que:<\/strong><\/p>\n\n\n\n<p><br>\u2022 se comport\u00f3 de una manera que, en la opini\u00f3n razonable del Organizador, ha afectado o es probable que afecte el disfrute de otros Clientes; o<br>\u2022 utiliza palabras o comportamientos amenazantes, abusivos o insultantes o de cualquier manera provoca o se comporta de una manera que pueda perturbar la paz de otros Clientes; o<br>\u2022 En la opini\u00f3n razonable del Organizador, usted est\u00e1 actuando bajo la influencia del alcohol o las drogas.<br>\u2022 Deber\u00e1 cumplir con las instrucciones y orientaciones que le d\u00e9 el Organizador, el personal y los encargados de turno. No se realizar\u00e1n reembolsos a quienes se les niegue la entrada debido a su propia conducta, como se sugiere en los ejemplos anteriores, entre otros.<br>\u2022 Usted asume voluntariamente todos los riesgos y peligros incidentales al evento, ya sea que ocurran antes, durante o despu\u00e9s del evento real, incluyendo cualquier muerte, lesi\u00f3n personal, p\u00e9rdida, da\u00f1o o responsabilidad.<br>\u2022 TicketsRD.com no limita de ninguna manera la participaci\u00f3n de ninguna persona discapacitada, pero dicha persona DEBE proporcionar informaci\u00f3n suficiente (por escrito) sobre su condici\u00f3n m\u00e9dica al organizador antes de comprar un asiento. El organizador evaluar\u00e1 la situaci\u00f3n y el personal de seguridad capacitado decidir\u00e1 si la persona puede participar.<br>\u2022 La salud y seguridad de nuestros Clientes es nuestra prioridad n\u00famero uno.<\/p>\n\n\n\n<p><strong>Normas de seguridad para eventos<\/strong><\/p>\n\n\n\n<ul class=\"wp-block-list\">\n<li>El Organizador tiene la discreci\u00f3n de decidir la altura de la mesa una vez levantada, seg\u00fan la recomendaci\u00f3n de nuestro oficial de seguridad en cualquier d\u00eda u hora en particular.<\/li>\n\n\n\n<li>En caso de condiciones clim\u00e1ticas adversas, el Organizador tiene derecho a retrasar TicketsRD.com (a discreci\u00f3n del organizador, pero con un retraso m\u00e1ximo de 1,5 horas \u00fanicamente sin reembolso). Si las condiciones clim\u00e1ticas no mejoran, TicketsRD.com se cancelar\u00e1 y se emitir\u00e1 un reembolso completo dentro de los 21 d\u00edas si compra un seguro contra inclemencias meteorol\u00f3gicas, o si no tiene seguro contra inclemencias meteorol\u00f3gicas, se emitir\u00e1 un cup\u00f3n con el mismo valor monetario para usar en TicketsRD.com.<\/li>\n\n\n\n<li>Por razones de seguridad, debes tener al menos 135 cm de altura y un peso m\u00e1ximo de 150 kg para disfrutar de TicketsRD.com en el Sky.<\/li>\n\n\n\n<li>Recomendamos encarecidamente evitar usar zapatos abiertos o sin cordones el d\u00eda del evento.<\/li>\n\n\n\n<li>Los cinturones de seguridad son para tu protecci\u00f3n. D\u00e9jalos como est\u00e1n y no intentes abrirlos en ning\u00fan momento durante TicketsRD.com.<\/li>\n\n\n\n<li>Est\u00e1 estrictamente prohibido arrojar objetos desde la mesa en cualquier momento. El incumplimiento de esta condici\u00f3n dar\u00e1 lugar a la expulsi\u00f3n y se le pedir\u00e1 que abandone el lugar en cualquier momento sin derecho a reembolso.<\/li>\n\n\n\n<li>Est\u00e1 estrictamente prohibido fumar durante la experiencia TicketsRD.com. El incumplimiento de esta condici\u00f3n dar\u00e1 lugar a que se solicite a los compradores de asientos que abandonen el recinto en cualquier momento y no se realizar\u00e1 ning\u00fan reembolso.<\/li>\n\n\n\n<li>Durante la exhibici\u00f3n en TicketsRD.com, solo se permitir\u00e1n art\u00edculos peque\u00f1os, como tel\u00e9fonos m\u00f3viles o c\u00e1maras, en la mesa. Se proporcionar\u00e1n taquillas para art\u00edculos m\u00e1s grandes, como bolsos de mano. Es su responsabilidad mantener sus pertenencias personales, como tel\u00e9fonos m\u00f3viles y c\u00e1maras, seguras. El organizador no se hace responsable de los da\u00f1os o p\u00e9rdidas de sus art\u00edculos, si los hubiera.<\/li>\n\n\n\n<li>Debe cumplir y obedecer todas las instrucciones que le d\u00e9 el personal de TicketsRD.com en todo momento. Est\u00e1 estrictamente prohibido tocar cualquier dispositivo o maquinaria en funcionamiento, ya que puede dar lugar a acciones legales.<\/li>\n\n\n\n<li>Si tiene preguntas o inquietudes sobre nuestra Pol\u00edtica de Privacidad o sus datos, T\u00e9rminos y condiciones de uso del sistema, no dude en contactarnos a trav\u00e9s del correo electr\u00f3nico: hello@old.ticketsrd.com<\/li>\n<\/ul>\n\n\n\n<p><strong>Restricciones y prohibiciones<\/strong><\/p>\n\n\n\n<ul class=\"wp-block-list\">\n<li>El Organizador se reserva el derecho de utilizar cualquier fotograf\u00eda o video tomado en cualquier evento de TicketsRD.com in The Sky\u00ae sin el permiso expreso por escrito de las personas incluidas en la fotograf\u00eda o el video. El Organizador puede utilizar la fotograf\u00eda o el video en publicaciones u otros materiales de medios producidos, utilizados o contratados por el organizador, incluidos, entre otros: folletos, invitaciones, libros, peri\u00f3dicos, revistas, televisi\u00f3n, sitios web, etc.<\/li>\n\n\n\n<li>Toda persona que no desee que se le tome o distribuya una fotograf\u00eda deber\u00e1 informar por escrito al Organizador de su intenci\u00f3n e incluir su fotograf\u00eda. El Organizador utilizar\u00e1 la fotograf\u00eda con fines de identificaci\u00f3n y la mantendr\u00e1 confidencial.<\/li>\n\n\n\n<li>Los siguientes art\u00edculos no est\u00e1n permitidos en ning\u00fan recinto:<br>\u2022 Su propia comida y bebida (a menos que lo permita el Organizador);<br>\u2022 Botellas, latas o envases de vidrio (a menos que lo permita el Organizador);<br>\u2022 Cualquier elemento que pueda interpretarse como un arma potencial, incluidos objetos afilados o puntiagudos (por ejemplo, cuchillos); y<br>\u2022 Sustancias ilegales<br>\u2022 Dispositivos de grabaci\u00f3n profesionales\/comerciales<br>\u2022 Usted acepta seguir las instrucciones dadas por el personal autorizado del Organizador para realizar cualquier b\u00fasqueda de art\u00edculos prohibidos, incluidas armas, sustancias controladas\/peligrosas e ilegales.<\/li>\n\n\n\n<li>El Organizador, el propietario del recinto, los patrocinadores, los contratistas, sus agentes y empleados no ser\u00e1n responsables de ninguna muerte, lesi\u00f3n personal, p\u00e9rdida o da\u00f1o causado en el recinto o durante el Evento, ni ser\u00e1n responsables de ning\u00fan aplazamiento de TicketsRD.com. El comprador de un asiento compra y acepta voluntariamente el asiento y asume todos los riesgos y peligros incidentales al evento, ya sea que ocurran antes, durante o despu\u00e9s del evento, incluyendo muerte, lesiones personales, p\u00e9rdidas, da\u00f1os y responsabilidad.<\/li>\n<\/ul>\n\n\n\n<p>Condiciones clim\u00e1ticas<\/p>\n\n\n\n<ul class=\"wp-block-list\">\n<li>El organizador tiene el derecho de posponer la sesi\u00f3n por 90 minutos debido al mal tiempo; esto no se considerar\u00e1 una sesi\u00f3n cancelada, sin reembolso.<\/li>\n\n\n\n<li>El Organizador tiene todos los derechos de cancelar la experiencia TicketsRD.com In the Sky por razones clim\u00e1ticas o por razones t\u00e9cnicas de seguridad (aquellos que compraron un seguro clim\u00e1tico recibir\u00e1n un reembolso del monto total dentro de los 21 d\u00edas; a aquellos que no tengan seguro clim\u00e1tico se les emitir\u00e1 un cup\u00f3n del mismo valor para usar dentro de la duraci\u00f3n del evento actual).<\/li>\n<\/ul>\n\n\n\n<p>Reembolsos<\/p>\n\n\n\n<ul class=\"wp-block-list\">\n<li>Los asientos adquiridos no pueden ser reembolsados, cambiados o cancelados una vez emitidos, excepto en caso de cancelaci\u00f3n por parte del Organizador.<\/li>\n\n\n\n<li>Si el Organizador cancela un evento, se producir\u00e1 la siguiente situaci\u00f3n: Para los compradores ONLINE con tarjeta de cr\u00e9dito o d\u00e9bito, trabajaremos con sus respectivos bancos de tarjetas para debitar autom\u00e1ticamente el monto a su tarjeta. Este proceso demora aproximadamente 21 d\u00edas despu\u00e9s del Evento; para los compradores en efectivo, reembolsaremos el monto total en efectivo una vez que el recibo original est\u00e9 disponible dentro de los 3 d\u00edas.<\/li>\n<\/ul>\n\n\n\n<p>Ley aplicable, jurisdicci\u00f3n y resoluci\u00f3n de disputas<\/p>\n\n\n\n<ul class=\"wp-block-list\">\n<li>El Acuerdo y estas Condiciones se regir\u00e1n e interpretar\u00e1n de conformidad con las leyes aplicables. Las partes acuerdan someterse a la jurisdicci\u00f3n exclusiva de los Tribunales competentes en relaci\u00f3n con cualquier disputa que surja de o en virtud de este Acuerdo.<\/li>\n<\/ul>","protected":false},"excerpt":{"rendered":"<p>Visitors and users (hereinafter referred to as the Client) of the Online Reservation System for old.ticketsrd.com on the Internet (hereinafter referred to as the System) agree to comply with the following terms of use (hereinafter referred to as the Terms) before purchasing any seat: The Organizer (Caribbean Rides) shall have the right to modify the [&hellip;]<\/p>","protected":false},"author":1,"featured_media":0,"parent":0,"menu_order":0,"comment_status":"closed","ping_status":"closed","template":"","meta":{"_acf_changed":false,"footnotes":""},"class_list":["post-975","page","type-page","status-publish","hentry"],"acf":[],"_links":{"self":[{"href":"https:\/\/old.ticketsrd.com\/es\/wp-json\/wp\/v2\/pages\/975","targetHints":{"allow":["GET"]}}],"collection":[{"href":"https:\/\/old.ticketsrd.com\/es\/wp-json\/wp\/v2\/pages"}],"about":[{"href":"https:\/\/old.ticketsrd.com\/es\/wp-json\/wp\/v2\/types\/page"}],"author":[{"embeddable":true,"href":"https:\/\/old.ticketsrd.com\/es\/wp-json\/wp\/v2\/users\/1"}],"replies":[{"embeddable":true,"href":"https:\/\/old.ticketsrd.com\/es\/wp-json\/wp\/v2\/comments?post=975"}],"version-history":[{"count":5,"href":"https:\/\/old.ticketsrd.com\/es\/wp-json\/wp\/v2\/pages\/975\/revisions"}],"predecessor-version":[{"id":1739,"href":"https:\/\/old.ticketsrd.com\/es\/wp-json\/wp\/v2\/pages\/975\/revisions\/1739"}],"wp:attachment":[{"href":"https:\/\/old.ticketsrd.com\/es\/wp-json\/wp\/v2\/media?parent=975"}],"curies":[{"name":"wp","href":"https:\/\/api.w.org\/{rel}","templated":true}]}}