{"id":978,"date":"2024-09-26T08:55:06","date_gmt":"2024-09-26T12:55:06","guid":{"rendered":"https:\/\/old.ticketsrd.com\/?page_id=978"},"modified":"2025-06-10T13:23:33","modified_gmt":"2025-06-10T17:23:33","slug":"minor-disclaimer","status":"publish","type":"page","link":"https:\/\/old.ticketsrd.com\/es\/minor-disclaimer\/","title":{"rendered":"Descargo de responsabilidad menor"},"content":{"rendered":"<ol start=\"1\" class=\"wp-block-list\">\n<li>Soy el padre\/madre\/abuelo\/tutor del menor.<\/li>\n\n\n\n<li>El menor antes mencionado experimentar\u00e1 TicketsRD.com (en adelante DITS) junto conmigo, y en tal sentido, soy responsable de su cuidado y comportamiento durante el evento, y declaro que dicho menor se regir\u00e1 por todas las normas de la experiencia suscritas por el suscrito del presente documento.<\/li>\n\n\n\n<li>Me comprometo a que dicho menor no consumir\u00e1 ning\u00fan tipo de bebidas alcoh\u00f3licas ni sustancias controladas.<\/li>\n\n\n\n<li>El suscrito asume total responsabilidad por el menor antes referido, y libera y exonera a DITS, su empresa operadora, sus socios, directivos y\/o cualquier persona asociada a estos, de cualquier reclamaci\u00f3n por responsabilidad civil propia, a terceros, da\u00f1os a terceros o de cualquier otro tipo derivada de la participaci\u00f3n del menor en el evento en caso de desobediencia, negligencia o imprudencia de dicho menor y\/o falta de mi supervisi\u00f3n.<\/li>\n<\/ol>\n\n\n\n<p><\/p>","protected":false},"excerpt":{"rendered":"","protected":false},"author":1,"featured_media":0,"parent":0,"menu_order":0,"comment_status":"closed","ping_status":"closed","template":"","meta":{"_acf_changed":false,"footnotes":""},"class_list":["post-978","page","type-page","status-publish","hentry"],"acf":[],"_links":{"self":[{"href":"https:\/\/old.ticketsrd.com\/es\/wp-json\/wp\/v2\/pages\/978","targetHints":{"allow":["GET"]}}],"collection":[{"href":"https:\/\/old.ticketsrd.com\/es\/wp-json\/wp\/v2\/pages"}],"about":[{"href":"https:\/\/old.ticketsrd.com\/es\/wp-json\/wp\/v2\/types\/page"}],"author":[{"embeddable":true,"href":"https:\/\/old.ticketsrd.com\/es\/wp-json\/wp\/v2\/users\/1"}],"replies":[{"embeddable":true,"href":"https:\/\/old.ticketsrd.com\/es\/wp-json\/wp\/v2\/comments?post=978"}],"version-history":[{"count":3,"href":"https:\/\/old.ticketsrd.com\/es\/wp-json\/wp\/v2\/pages\/978\/revisions"}],"predecessor-version":[{"id":1737,"href":"https:\/\/old.ticketsrd.com\/es\/wp-json\/wp\/v2\/pages\/978\/revisions\/1737"}],"wp:attachment":[{"href":"https:\/\/old.ticketsrd.com\/es\/wp-json\/wp\/v2\/media?parent=978"}],"curies":[{"name":"wp","href":"https:\/\/api.w.org\/{rel}","templated":true}]}}