{"id":983,"date":"2024-09-26T08:56:39","date_gmt":"2024-09-26T12:56:39","guid":{"rendered":"https:\/\/old.ticketsrd.com\/?page_id=983"},"modified":"2025-06-10T13:21:45","modified_gmt":"2025-06-10T17:21:45","slug":"adult-disclaimer","status":"publish","type":"page","link":"https:\/\/old.ticketsrd.com\/es\/adult-disclaimer\/","title":{"rendered":"Descargo de responsabilidad para adultos"},"content":{"rendered":"<ol start=\"1\" class=\"wp-block-list\">\n<li>Acepto que debo seguir todas las instrucciones dadas por el personal de Dinner in The Sky Punta Cana (en adelante DITS) durante toda la experiencia, e incluso antes de que comience.<\/li>\n\n\n\n<li>Estoy mentalmente preparado, sin sufrir mal de altura, intoxicaci\u00f3n alcoh\u00f3lica o cualquier condici\u00f3n similar que me impida participar en la experiencia DITS. Si antes del inicio de la experiencia sufro de lo mencionado anteriormente o experimento calambres, ataques de asma, problemas circulatorios o cualquier otra condici\u00f3n que me incapacite para participar en el evento, lo notificar\u00e9 inmediatamente al personal de DITS.<\/li>\n\n\n\n<li>Informar\u00e9 al personal de DITS con antelaci\u00f3n sobre cualquier condici\u00f3n m\u00e9dica que pueda afectar mi participaci\u00f3n en la experiencia. Tambi\u00e9n tomar\u00e9 todas las medidas necesarias para evitar que se produzcan inconvenientes durante la experiencia.<\/li>\n\n\n\n<li>Mantendr\u00e9 un comportamiento responsable que no aumente los riesgos a mi integridad f\u00edsica o mental, y si durante la experiencia sufro alg\u00fan tipo de lesi\u00f3n o cualquier otra circunstancia que pueda perjudicar mi salud o la de los dem\u00e1s participantes, me pondr\u00e9 en contacto inmediatamente con el personal de DITS.<\/li>\n\n\n\n<li>En caso de mostrar un comportamiento inapropiado, indeseable o imprudente antes o durante la experiencia, as\u00ed como en caso de necesitar usar el ba\u00f1o y\/o descender al suelo durante el ascenso o despu\u00e9s de haber ascendido, el personal de DITS bajar\u00e1 la mesa y\/o me dejar\u00e1 en el suelo sin volver a ascender y sin derecho a reembolso.<\/li>\n\n\n\n<li>Soy responsable de mis pertenencias y no podr\u00e9 reclamar objetos perdidos u olvidados antes, durante o despu\u00e9s de la experiencia.<\/li>\n\n\n\n<li>Permitir\u00e9 el uso gratuito de mi imagen o contenido audiovisual obtenido durante mi participaci\u00f3n en la experiencia por parte de DITS o cualquier subcontratista o afiliado, en cualquier medio con el prop\u00f3sito de promover la experiencia.<\/li>\n\n\n\n<li>Al firmar este documento, reconozco que he experimentado DITS, excepto en los casos en que, debido a mi mal comportamiento o salud, deba ser bajado al suelo, en cuyo caso no tendr\u00e9 derecho a reembolso.<\/li>\n\n\n\n<li>El abajo firmante asume total responsabilidad por cualquier conducta negligente, desobediente o imprudente, y libera y exonera a DITS, su empresa operadora, sus socios, gerentes y\/o cualquier persona asociada a estos, de cualquier reclamo por responsabilidad civil propia, a terceros, da\u00f1os a terceros, o de cualquier otro tipo que surja de mi conducta en el evento.<\/li>\n<\/ol>\n\n\n\n<p>Libero a los organizadores de la experiencia DITS, sus directores, socios, gerentes y\/o partes relacionadas de cualquier responsabilidad por cualquier da\u00f1o o situaci\u00f3n ocasionada como resultado del incumplimiento de uno o m\u00e1s de los lineamientos establecidos en esta declaraci\u00f3n.<\/p>","protected":false},"excerpt":{"rendered":"<p>Libero a los organizadores de la experiencia DITS, sus directores, socios, gerentes y\/o partes relacionadas de cualquier responsabilidad por cualquier da\u00f1o o situaci\u00f3n ocasionada como resultado del incumplimiento de uno o m\u00e1s de los lineamientos establecidos en esta declaraci\u00f3n.<\/p>","protected":false},"author":1,"featured_media":0,"parent":0,"menu_order":0,"comment_status":"closed","ping_status":"closed","template":"","meta":{"_acf_changed":false,"footnotes":""},"class_list":["post-983","page","type-page","status-publish","hentry"],"acf":[],"_links":{"self":[{"href":"https:\/\/old.ticketsrd.com\/es\/wp-json\/wp\/v2\/pages\/983","targetHints":{"allow":["GET"]}}],"collection":[{"href":"https:\/\/old.ticketsrd.com\/es\/wp-json\/wp\/v2\/pages"}],"about":[{"href":"https:\/\/old.ticketsrd.com\/es\/wp-json\/wp\/v2\/types\/page"}],"author":[{"embeddable":true,"href":"https:\/\/old.ticketsrd.com\/es\/wp-json\/wp\/v2\/users\/1"}],"replies":[{"embeddable":true,"href":"https:\/\/old.ticketsrd.com\/es\/wp-json\/wp\/v2\/comments?post=983"}],"version-history":[{"count":3,"href":"https:\/\/old.ticketsrd.com\/es\/wp-json\/wp\/v2\/pages\/983\/revisions"}],"predecessor-version":[{"id":1734,"href":"https:\/\/old.ticketsrd.com\/es\/wp-json\/wp\/v2\/pages\/983\/revisions\/1734"}],"wp:attachment":[{"href":"https:\/\/old.ticketsrd.com\/es\/wp-json\/wp\/v2\/media?parent=983"}],"curies":[{"name":"wp","href":"https:\/\/api.w.org\/{rel}","templated":true}]}}